{"id":583,"date":"2023-10-23T13:40:54","date_gmt":"2023-10-23T09:40:54","guid":{"rendered":"https:\/\/biodiversity-armenia.am\/?page_id=583"},"modified":"2024-07-10T21:09:54","modified_gmt":"2024-07-10T17:09:54","slug":"references-teeb","status":"publish","type":"page","link":"https:\/\/biodiversity-armenia.am\/en\/seea-ea\/ecosystem-accounting\/references-teeb\/","title":{"rendered":"References TEEB"},"content":{"rendered":"\n<p><a href=\"https:\/\/biodiversity-armenia.am\/index.php\/ecosystem-accounting\/\"> <strong><mark style=\"background-color:#9DFF20\" class=\"has-inline-color\"> \u2190BACK  <\/mark><\/strong><\/a><\/p>\n\n\n\n<p class=\"has-large-font-size\"><strong>References on ecosystem accounting<\/strong><\/p>\n\n\n\n<p class=\"has-small-font-size\" style=\"line-height:1.3\">    <strong>Arneth, \u0410., Shin,\u00a0Y.-J.,\u00a0Leadley, P.,\u00a0Rondinini, C.,\u00a0Bukvareva,\u00a0E., Kolb,\u00a0M., Midgley,\u00a0G.F., Oberdorff,\u00a0T., Palomo,\u00a0I., Saito, O.<\/strong> 2020. Post-2020 biodiversity targets need to embrace climate change. <em>PNAS<\/em>, 117\u00a0(49)\u00a030882-30891;\u00a0DOI:\u00a010.1073\/pnas.2009584117.<br>   <strong>Bobylev, S., Bukvareva, E., V. Grabovsky, A. Danilkin, Yu. Dgebuadze, A. Drozdov, D. Zamolodchikov, G. Kraev, A. Tishkov, O. Filenko, A. Khoroshev.<\/strong> 2014. Analyse des gegenw\u00e4rtigen Wissensstandes \u00fcber \u00d6kosysteme und \u00d6kosystemdienstleistungen in Russland. Ein Status-quo Report \/\/ TEEB-Prozesse und \u00d6kosystem-Assessment\u00a0in Deutschland, Russland und weiteren Staaten des n\u00f6rdlichen Eurasiens. <a href=\"http:\/\/www.bfn.de\/fileadmin\/MDB\/documents\/service\/Skript_372.pdf\" target=\"_blank\" rel=\"noreferrer noopener\">BfN-Skripten 372<\/a>, Bonn. P. 162 \u2013 235. (http:\/\/www.bfn.de\/fileadmin\/MDB\/documents\/service\/Skript_372.pdf)<br>  <a href=\"http:\/\/biodiversity-armenia.am\/wp-content\/uploads\/2024\/05\/CPEC921.pdf\"> <strong>Bukvareva, Y.N., Aleynikov, A.A., Klimanova, O.A.\u00a0<em>et al.<\/em><\/strong>\u00a0Territorial Assessment and Prioritization for Biodiversity Conservation Using the Example of the Center of European Russia.<\/a>\u00a0<em>Contemp. Probl. Ecol.<\/em>\u00a0<strong>16<\/strong>, 921\u2013938 (2023). DOI: 10.1134\/S1995425523070028<br>   <a href=\"https:\/\/www.mdpi.com\/2071-1050\/13\/12\/6678\">Bukvareva, E., Grunewald, K., Klimanova, O., Kolbovsky, E., Shcherbakov, A., Sviridova, T., Zamolodchikov, D. 2021<\/a>. TEEB\u2010Russia: Towards A National Ecosystem Accounting. <em>Sustainability<\/em>, 13, 6678. DOI: 10.3390\/su13126678.<br>   <strong>Bukvareva, E. &amp; Grunewald, K.<\/strong> 2020. Introducton to TEEB Russia &amp; Extended Summary of TEEB Russia Volume 2. DOI: htps:\/\/doi.org\/10.25366\/2020.39. (http:\/\/teeb.biodiversity.ru\/publications\/ES_RUSSIA_summary_2020.pdf).<br>   <strong>Bukvareva, E.N., Sviridova, T.V.<\/strong> (Eds.). 2020. Ecosystem services of Russia: Proto\u2010 type National Report. Vol. 2. Biodiversity and Ecosystem Services: Accounting Principles in Russia. English version of the report published originally in Russian in 2020. Moscow: BCC Press. 231 pp. (http:\/\/teeb.biodiversity.ru\/publications\/Ecosystem-Services-Russia_V2_eng_web.pdf).<br>   <strong>Bukvareva, E., Zamolodchikov, D., &amp; Grunewald, K. <\/strong>2019. Ecosystem Services of Russian Landscapes. In L. Mueller &amp; F. Eulenstein (Eds.).\u00a0Current Trends in Landscape Research. Innovations in Landscape Research.\u00a0Springer, 253-286. DOI:10.1007\/978-3-030-30069-2.<br>   <strong>Bukvareva, E., Zamolodchikov, D., &amp; Grunewald, K.<\/strong> 2019. National assessment of ecosystem services in Russia: Methodology and main problems. Science of the Total Environment, 655, 1181\u20131196. DOI<a href=\"https:\/\/doi.org\/10.1016\/j.scitotenv.2018.11.286\">: 10.1016\/j.scitotenv.2018.11.286<\/a><a>.<\/a><br>   <strong>Bukvareva E., Zamolodchikov D., Kraev G., Grunewald K., A. Narykov A.<\/strong> 2017. Supplied, demanded and consumed ecosystem services: Prospects for national assessment in Russia. Ecological Indicators. 78: 351\u2013360. <a href=\"https:\/\/doi.org\/10.1016\/j.ecolind.2017.03.034\" target=\"_blank\" rel=\"noreferrer noopener\">DOI:10.1016\/j.ecolind.2017.03.034<\/a>.<br>   <strong>Bukvareva, E. N., Zamolodchikov, D. G.<\/strong> (Eds.). 2018. Ecosystem services of Russia: Prototype National Report. Vol. 1. Terrestrial ecosystems services. Adapted English version of the report, originally published in Russian in 2016. Moscow: BCC Press. 117 p. (<a href=\"http:\/\/teeb.biodiversity.ru\/publications\/Ecosystem-Services-Russia_V1_eng_web.pdf\">http:\/\/teeb.biodiversity.ru\/publications\/Ecosystem-Services-Russia_V1_eng_web.pdf<\/a>).<br>   <strong>Bukvareva E., Grunewald K., BobylevS., Zamolodchikov D., Zimenko A., Bastian<\/strong> O. 2015. The current state of knowledge of ecosystems and ecosystem services in Russia: A status report \/\/ AMBIO: 44\/6, S.491-507\u00a0 DOI 10.1007\/s13280-015-0674-4.<br>   <strong>Bukvareva E.<\/strong> 2014. Ein erster Indikatorensatz zur Bestimmung des Status von Regionen als Bereitsteller bzw. Empf\u00e4nger von \u00d6SD in verschiedenen r\u00e4umlichen Ma\u00dfst\u00e4ben \/\/ Erfassung und Bewertung von \u00d6kosystemdienstleistungen (\u00d6SD) \u2013 Erfahrungen, insbesondere aus Deutschland und Russland. <a href=\"http:\/\/www.bfn.de\/fileadmin\/MDB\/documents\/service\/Skript_373.pdf\" target=\"_blank\" rel=\"noreferrer noopener\">BfN-Skripten 373<\/a>, Bonn. 2014. P.50-63. (<a href=\"http:\/\/www.bfn.de\/fileadmin\/MDB\/documents\/service\/Skript_373.pdf\">http:\/\/www.bfn.de\/fileadmin\/MDB\/documents\/service\/Skript_373.pdf<\/a>).<br>   <strong>Bukvareva E. <\/strong>2014. Die globale Bedeutung der russischen \u00d6kosystemfunktionen und das Problem der unterschiedlichen Skalen von \u00d6kosystemdienstleistungen \/\/ TEEB-Prozesse und \u00d6kosystem-Assessment\u00a0in Deutschland, Russland und weiteren Staaten des n\u00f6rdlichen Eurasiens. <a href=\"http:\/\/www.bfn.de\/fileadmin\/MDB\/documents\/service\/Skript_372.pdf\" target=\"_blank\" rel=\"noreferrer noopener\">BfN-Skripten 372<\/a>, Bonn. P. 92 \u2013 124. (<a href=\"http:\/\/www.bfn.de\/fileadmin\/MDB\/documents\/service\/Skript_372.pdf\">http:\/\/www.bfn.de\/fileadmin\/MDB\/documents\/service\/Skript_372.pdf<\/a>).<br>   <strong>D\u00edaz, S., Pascual, U., Stenseke, M., Mart\u00edn-L\u00f3pez, B., Watson, R. T., Moln\u00e1r, Z., Hill, R., Chan, K.M.A., Baste, I.A., Brauman, K.A., Polasky, S., Church, A., Lonsdale, M., Larigauderie, A., Leadley, P.W., van Oudenhoven, A.P.E., van der Plaat, F., Schr\u00f6ter,M., Lavorel, S., Aumeeruddy-Thomas, Y., Bukvareva, E., Davies, K., Demissew, S., Erpul, G., Failler, P., Guerra, C.A., Hewitt, C.L., Keune, H., Lindley, S., Shirayama, Y<\/strong>. 2018. Assessing nature\u2019s contributions to people: Recognizing culture, and diverse sources of knowledge, can improve assessments. <em>Science<\/em>, <em>359<\/em>(6373). DOI: <a href=\"https:\/\/doi.org\/10.1126\/science.aap8826\">10.1126\/science.aap8826<\/a>.<br>   <strong>Grunewald, K., Zimenko, A., Bastian, O., Bukvareva, E., Grigorian, A., Wende, W.<\/strong> 2014. Bewertung von \u00d6kosystemdienstleistungen in der Russischen F\u00f6deration: Erste Schritte im Rahmen des Projektes \u201eTEEBi\u00adRuss\u201c \/\/ TEEB-Prozesse und \u00d6kosystem-Assessment\u00a0in Deutschland, Russland und weiteren Staaten des n\u00f6rdlichen Eurasiens. <a href=\"http:\/\/www.bfn.de\/fileadmin\/MDB\/documents\/service\/Skript_372.pdf\" target=\"_blank\" rel=\"noreferrer noopener\">BfN-Skripten 372<\/a>, Bonn. P. 146 \u2013 161. (<a href=\"http:\/\/www.bfn.de\/fileadmin\/MDB\/documents\/service\/Skript_372.pdf\">http:\/\/www.bfn.de\/fileadmin\/MDB\/documents\/service\/Skript_372.pdf<\/a>).<br>   <strong>Pavlov D.S. &amp; Bukvareva E.N<\/strong>. 2012. Climate Regulating Functions of Terrestrial Ecosystems and an \u201cEcologocentric\u201d Concept of Nature Management \/\/ Biology Bulletin Reviews, 2012, Vol. 2, No. 2, pp. 105\u2013123. (<a href=\"https:\/\/link.springer.com\/article\/10.1134\/S2079086412020053\">https:\/\/link.springer.com\/article\/10.1134\/S2079086412020053<\/a>).<br>   <strong>Pavlov D., Striganova B., and Bukvareva E.N.<\/strong> 2010. An Environment-Oriented Concept of Nature Use\/\/Herald of the Russian Academy of Sciences, 2010, Vol. 80, No. 1, pp. 74\u201382. (https:\/\/link.springer.com\/article\/10.1134\/S1019331610010107).<br>   <strong>Petrov, L., Bukvareva, E., Aleinikov, A.<\/strong> 2022. Water regulating in Kenozero taiga: excess or Lack of water and where does It go? <em>Earth<\/em> 2022, 3(4), 1237-1257; <a href=\"https:\/\/doi.org\/10.3390\/earth3040070\">DOI: 10.3390\/earth3040070<\/a>. <br>   <strong>Wirth, P., Bukvareva, E., Wende, W., K. Grunewald, K., Janssen, G.<\/strong> 2021. Environmental policy transfer in the shadow of political confrontation \u2013 the case of Germany and Russia. <em>Journal of Environmental Planning and Management<\/em>, DOI: 10.1080\/09640568.2021.1927680.<br> <\/p>\n\n\n\n<p class=\"has-small-font-size\" style=\"line-height:1.3\"><a href=\"http:\/\/biodiversity-armenia.am\/wp-content\/uploads\/2023\/10\/%D0%9B%D0%B5%D1%81%D0%BE%D0%B2%D0%B5%D0%B4%D0%B5%D0%BD%D0%B8%D0%B5-2022.pdf\"><strong>\u0411\u0443\u043a\u0432\u0430\u0440\u0435\u0432a \u0415.\u041d., \u0410\u043b\u0435\u0439\u043d\u0438\u043a\u043e\u0432 \u0410.\u0410., \u041a\u043b\u0438\u043c\u0430\u043d\u043e\u0432\u0430 \u041e.\u0410., \u0422\u0438\u0442\u043e\u0432\u0430 \u041b.\u0410., \u0421\u0432\u0438\u0440\u0438\u0434\u043e\u0432\u0430 \u0422.\u0412., \u0429\u0435\u0440\u0431\u0430\u043a\u043e\u0432 \u0410.\u0412<\/strong>. 2022. \u041e\u0446\u0435\u043d\u043a\u0430 \u0438 \u043f\u0440\u0438\u043e\u0440\u0438\u0442\u0438\u0437\u0430\u0446\u0438\u044f \u0442\u0435\u0440\u0440\u0438\u0442\u043e\u0440\u0438\u0439 \u0434\u043b\u044f \u0441\u043e\u0445\u0440\u0430\u043d\u0435\u043d\u0438\u044f \u0431\u0438\u043e\u0440\u0430\u0437\u043d\u043e\u043e\u0431\u0440\u0430\u0437\u0438\u044f \u043d\u0430 \u043f\u0440\u0438\u043c\u0435\u0440\u0435 \u0446\u0435\u043d\u0442\u0440\u0430 \u0435\u0432\u0440\u043e\u043f\u0435\u0439\u0441\u043a\u043e\u0439 \u0447\u0430\u0441\u0442\u0438 \u0420\u043e\u0441\u0441\u0438\u0438. <em>\u041b\u0435\u0441\u043e\u0432\u0435\u0434\u0435\u043d\u0438\u0435<\/em>, 2022, \u2116 6, \u0441. 595\u2013616<\/a><\/p>\n\n\n\n<p><\/p>\n\n\n\n\n\n\n\n\n\n\n\n\n\n\n\n\n","protected":false},"excerpt":{"rendered":"<p>\u2190BACK References on ecosystem accounting Arneth, \u0410., Shin,\u00a0Y.-J.,\u00a0Leadley, P.,\u00a0Rondinini, C.,\u00a0Bukvareva,\u00a0E., Kolb,\u00a0M., Midgley,\u00a0G.F., Oberdorff,\u00a0T., Palomo,\u00a0I., Saito, O. 2020. Post-2020 biodiversity targets need to embrace climate change. PNAS, 117\u00a0(49)\u00a030882-30891;\u00a0DOI:\u00a010.1073\/pnas.2009584117. Bobylev, S., Bukvareva, E., V. Grabovsky, A. Danilkin, Yu. Dgebuadze, A. Drozdov, D. Zamolodchikov, G. Kraev, A. Tishkov, O. Filenko, A. Khoroshev. 2014. Analyse des gegenw\u00e4rtigen Wissensstandes \u00fcber [&hellip;]<\/p>\n","protected":false},"author":1,"featured_media":0,"parent":227,"menu_order":0,"comment_status":"closed","ping_status":"closed","template":"","meta":{"footnotes":""},"class_list":["post-583","page","type-page","status-publish","hentry"],"_links":{"self":[{"href":"https:\/\/biodiversity-armenia.am\/en\/wp-json\/wp\/v2\/pages\/583","targetHints":{"allow":["GET"]}}],"collection":[{"href":"https:\/\/biodiversity-armenia.am\/en\/wp-json\/wp\/v2\/pages"}],"about":[{"href":"https:\/\/biodiversity-armenia.am\/en\/wp-json\/wp\/v2\/types\/page"}],"author":[{"embeddable":true,"href":"https:\/\/biodiversity-armenia.am\/en\/wp-json\/wp\/v2\/users\/1"}],"replies":[{"embeddable":true,"href":"https:\/\/biodiversity-armenia.am\/en\/wp-json\/wp\/v2\/comments?post=583"}],"version-history":[{"count":13,"href":"https:\/\/biodiversity-armenia.am\/en\/wp-json\/wp\/v2\/pages\/583\/revisions"}],"predecessor-version":[{"id":1031,"href":"https:\/\/biodiversity-armenia.am\/en\/wp-json\/wp\/v2\/pages\/583\/revisions\/1031"}],"up":[{"embeddable":true,"href":"https:\/\/biodiversity-armenia.am\/en\/wp-json\/wp\/v2\/pages\/227"}],"wp:attachment":[{"href":"https:\/\/biodiversity-armenia.am\/en\/wp-json\/wp\/v2\/media?parent=583"}],"curies":[{"name":"wp","href":"https:\/\/api.w.org\/{rel}","templated":true}]}}